{"id":4525,"date":"2025-12-08T05:05:43","date_gmt":"2025-12-08T04:05:43","guid":{"rendered":"https:\/\/www.etixio.com\/contact-2\/"},"modified":"2025-12-08T05:25:37","modified_gmt":"2025-12-08T04:25:37","slug":"contact-us","status":"publish","type":"page","link":"https:\/\/www.etixio.com\/en\/contact-us\/","title":{"rendered":"Contact"},"content":{"rendered":"\t\t<div data-elementor-type=\"wp-page\" data-elementor-id=\"4525\" class=\"elementor elementor-4525 elementor-4495\" data-elementor-post-type=\"page\">\n\t\t\t\t<div class=\"elementor-element elementor-element-1ff79b8 header-reveal e-flex e-con-boxed e-con e-parent\" data-id=\"1ff79b8\" data-element_type=\"container\" data-e-type=\"container\" data-settings=\"{&quot;background_background&quot;:&quot;gradient&quot;}\">\n\t\t\t\t\t<div class=\"e-con-inner\">\n\t\t<div class=\"elementor-element elementor-element-39534f2 e-con-full e-flex e-con e-child\" data-id=\"39534f2\" data-element_type=\"container\" data-e-type=\"container\">\n\t\t\t\t<div class=\"elementor-element elementor-element-998c3f7 span-back alt elementor-widget__width-auto elementor-widget-mobile__width-auto elementor-widget-tablet_extra__width-auto elementor-widget elementor-widget-heading\" data-id=\"998c3f7\" data-element_type=\"widget\" data-e-type=\"widget\" data-widget_type=\"heading.default\">\n\t\t\t\t<div class=\"elementor-widget-container\">\n\t\t\t\t\t<h1 class=\"elementor-heading-title elementor-size-default\">Contact us<\/h1>\t\t\t\t<\/div>\n\t\t\t\t<\/div>\n\t\t\t\t<\/div>\n\t\t\t\t\t<\/div>\n\t\t\t\t<\/div>\n\t\t<div class=\"elementor-element elementor-element-da852a6 e-flex e-con-boxed e-con e-parent\" data-id=\"da852a6\" data-element_type=\"container\" data-e-type=\"container\" data-settings=\"{&quot;background_background&quot;:&quot;classic&quot;}\">\n\t\t\t\t\t<div class=\"e-con-inner\">\n\t\t<div class=\"elementor-element elementor-element-1ec8953 e-con-full e-flex e-con e-child\" data-id=\"1ec8953\" data-element_type=\"container\" data-e-type=\"container\">\n\t\t\t\t<div class=\"elementor-element elementor-element-088ad6f elementor-widget-tablet__width-auto elementor-widget elementor-widget-heading\" data-id=\"088ad6f\" data-element_type=\"widget\" data-e-type=\"widget\" data-widget_type=\"heading.default\">\n\t\t\t\t<div class=\"elementor-widget-container\">\n\t\t\t\t\t<h1 class=\"elementor-heading-title elementor-size-default\">Ready for action?<\/h1>\t\t\t\t<\/div>\n\t\t\t\t<\/div>\n\t\t\t\t<div class=\"elementor-element elementor-element-49615f0 elementor-widget elementor-widget-text-editor\" data-id=\"49615f0\" data-element_type=\"widget\" data-e-type=\"widget\" data-widget_type=\"text-editor.default\">\n\t\t\t\t<div class=\"elementor-widget-container\">\n\t\t\t\t\t\t\t\t\t<p>Contact us for a quick chat, a quote or simply to discuss your requirements.<\/p>\t\t\t\t\t\t\t\t<\/div>\n\t\t\t\t<\/div>\n\t\t<div class=\"elementor-element elementor-element-98985c3 e-con-full e-flex e-con e-child\" data-id=\"98985c3\" data-element_type=\"container\" data-e-type=\"container\">\n\t\t\t\t<div class=\"elementor-element elementor-element-8e87dcc elementor-position-inline-start elementor-mobile-position-inline-start elementor-view-default elementor-widget elementor-widget-icon-box\" data-id=\"8e87dcc\" data-element_type=\"widget\" data-e-type=\"widget\" data-widget_type=\"icon-box.default\">\n\t\t\t\t<div class=\"elementor-widget-container\">\n\t\t\t\t\t\t\t<div class=\"elementor-icon-box-wrapper\">\n\n\t\t\t\t\t\t<div class=\"elementor-icon-box-icon\">\n\t\t\t\t<a href=\"mailto:contact@etixio.com\" class=\"elementor-icon\" tabindex=\"-1\" aria-label=\"Email \">\n\t\t\t\t<svg xmlns=\"http:\/\/www.w3.org\/2000\/svg\" width=\"33\" height=\"33\" viewBox=\"0 0 33 33\" fill=\"none\"><rect x=\"0.25\" y=\"0.25\" width=\"32.5\" height=\"32.5\" rx=\"16.25\" fill=\"white\" fill-opacity=\"0.15\"><\/rect><rect x=\"0.25\" y=\"0.25\" width=\"32.5\" height=\"32.5\" rx=\"16.25\" stroke=\"white\" stroke-width=\"0.5\"><\/rect><g clip-path=\"url(#clip0_2031_34)\"><path d=\"M19.4062 15.9619C19.4062 16.5436 19.405 17.1252 19.4069 17.7069C19.4082 18.0368 19.5255 18.3091 19.8148 18.4914C20.2727 18.7798 20.8789 18.5782 21.0545 18.0673C21.2597 17.4699 21.3445 16.8554 21.3036 16.2217C21.2394 15.2269 20.9069 14.3336 20.2885 13.5546C19.4694 12.5224 18.4002 11.9099 17.0874 11.7562C15.5362 11.5749 14.1954 12.0482 13.0892 13.1404C12.3061 13.9134 11.8502 14.8632 11.7335 15.959C11.5714 17.4776 12.0229 18.7998 13.0921 19.892C13.8706 20.6875 14.8292 21.1473 15.9397 21.2769C17.0082 21.4016 18.0087 21.1917 18.9403 20.6537C19.3524 20.4158 19.7949 20.6087 19.8741 21.0589C19.9131 21.2804 19.7936 21.5228 19.5712 21.655C18.9148 22.045 18.2111 22.3051 17.4551 22.4222C16.1978 22.617 14.9894 22.4514 13.8587 21.872C12.0413 20.9402 10.925 19.4618 10.5902 17.4474C10.2651 15.4928 10.8239 13.7793 12.1805 12.3379C13.1149 11.3447 14.2743 10.7482 15.6274 10.5649C17.7219 10.2807 19.5 10.9334 20.9398 12.4655C21.8001 13.3809 22.2886 14.4864 22.4468 15.7336C22.5696 16.7008 22.4894 17.65 22.1307 18.5599C21.6345 19.8187 19.9956 20.2078 18.9625 19.3277C18.7705 19.1641 18.6107 18.9756 18.4924 18.7541C18.4547 18.6837 18.4312 18.683 18.3709 18.7332C17.7535 19.2435 17.041 19.4621 16.2435 19.4084C14.9671 19.3229 13.8284 18.2747 13.6296 17.005C13.3972 15.5217 14.2492 14.1539 15.6925 13.7324C16.5451 13.4835 17.3555 13.6157 18.1025 14.1005C18.1843 14.1536 18.2201 14.1806 18.2523 14.0523C18.3284 13.7513 18.6084 13.579 18.9155 13.6237C19.1984 13.6649 19.4056 13.907 19.4062 14.2057C19.4082 14.7912 19.4069 15.377 19.4069 15.9625L19.4062 15.9619ZM16.5097 18.239C17.4667 18.2094 18.2191 17.4995 18.224 16.5268C18.2291 15.5323 17.4658 14.795 16.4965 14.7979C15.5356 14.8008 14.7886 15.5333 14.7819 16.504C14.7751 17.4657 15.5075 18.2123 16.5097 18.2393V18.239Z\" fill=\"white\"><\/path><\/g><defs><clipPath id=\"clip0_2031_34\"><rect width=\"12\" height=\"12\" fill=\"white\" transform=\"translate(10.5 10.5)\"><\/rect><\/clipPath><\/defs><\/svg>\t\t\t\t<\/a>\n\t\t\t<\/div>\n\t\t\t\n\t\t\t\t\t\t<div class=\"elementor-icon-box-content\">\n\n\t\t\t\t\t\t\t\t\t<h3 class=\"elementor-icon-box-title\">\n\t\t\t\t\t\t<a href=\"mailto:contact@etixio.com\" >\n\t\t\t\t\t\t\tEmail \t\t\t\t\t\t<\/a>\n\t\t\t\t\t<\/h3>\n\t\t\t\t\n\t\t\t\t\t\t\t\t\t<p class=\"elementor-icon-box-description\">\n\t\t\t\t\t\tcontact@etixio.com\t\t\t\t\t<\/p>\n\t\t\t\t\n\t\t\t<\/div>\n\t\t\t\n\t\t<\/div>\n\t\t\t\t\t\t<\/div>\n\t\t\t\t<\/div>\n\t\t\t\t<div class=\"elementor-element elementor-element-e41c6ef elementor-position-inline-start elementor-mobile-position-inline-start elementor-view-default elementor-widget elementor-widget-icon-box\" data-id=\"e41c6ef\" data-element_type=\"widget\" data-e-type=\"widget\" data-widget_type=\"icon-box.default\">\n\t\t\t\t<div class=\"elementor-widget-container\">\n\t\t\t\t\t\t\t<div class=\"elementor-icon-box-wrapper\">\n\n\t\t\t\t\t\t<div class=\"elementor-icon-box-icon\">\n\t\t\t\t<a href=\"tel:+33756805531\" class=\"elementor-icon\" tabindex=\"-1\" aria-label=\"Phone\">\n\t\t\t\t<svg xmlns=\"http:\/\/www.w3.org\/2000\/svg\" width=\"33\" height=\"33\" viewBox=\"0 0 33 33\" fill=\"none\"><rect x=\"0.25\" y=\"0.25\" width=\"32.5\" height=\"32.5\" rx=\"16.25\" fill=\"white\" fill-opacity=\"0.15\"><\/rect><rect x=\"0.25\" y=\"0.25\" width=\"32.5\" height=\"32.5\" rx=\"16.25\" stroke=\"white\" stroke-width=\"0.5\"><\/rect><path d=\"M13.0078 10.5C13.2516 10.5 13.4432 10.5 13.6366 10.5C13.9156 10.5 14.1006 10.633 14.2082 10.8857C14.2687 11.0271 14.2956 11.177 14.3292 11.3235C14.4856 11.9989 14.6369 12.6742 14.7949 13.3495C14.8874 13.7436 14.8016 14.0771 14.5024 14.3566C14.3057 14.5419 14.1073 14.7288 13.9274 14.9292C13.5861 15.3132 13.5357 15.869 13.8097 16.3018C14.2283 16.9636 14.7428 17.548 15.3077 18.0886C15.7061 18.4692 16.1331 18.8145 16.5871 19.1244C17.1234 19.4915 17.7118 19.4342 18.1707 18.9745C18.3422 18.8027 18.5103 18.6309 18.6802 18.4574C18.9306 18.2015 19.2316 18.1156 19.5796 18.193C20.3496 18.3682 21.1196 18.545 21.8896 18.7219C21.9938 18.7454 22.093 18.7825 22.1871 18.8347C22.3603 18.9324 22.4763 19.0722 22.4797 19.2742C22.4881 19.8233 22.5368 20.3757 22.4444 20.9196C22.3015 21.7785 21.5483 22.4454 20.6841 22.4943C20.1361 22.5246 19.5998 22.4303 19.0668 22.3107C17.3268 21.92 15.8053 21.0981 14.4536 19.9479C13.1826 18.8667 12.1672 17.5817 11.4409 16.0727C10.9786 15.1162 10.6692 14.1091 10.5448 13.0481C10.5078 12.7365 10.4725 12.4216 10.5314 12.105C10.6961 11.2292 11.4207 10.5808 12.3101 10.5135C12.5606 10.4949 12.8094 10.5084 13.0078 10.5Z\" fill=\"white\"><\/path><\/svg>\t\t\t\t<\/a>\n\t\t\t<\/div>\n\t\t\t\n\t\t\t\t\t\t<div class=\"elementor-icon-box-content\">\n\n\t\t\t\t\t\t\t\t\t<h3 class=\"elementor-icon-box-title\">\n\t\t\t\t\t\t<a href=\"tel:+33756805531\" >\n\t\t\t\t\t\t\tPhone\t\t\t\t\t\t<\/a>\n\t\t\t\t\t<\/h3>\n\t\t\t\t\n\t\t\t\t\t\t\t\t\t<p class=\"elementor-icon-box-description\">\n\t\t\t\t\t\t+33 7 56 80 55 31\t\t\t\t\t<\/p>\n\t\t\t\t\n\t\t\t<\/div>\n\t\t\t\n\t\t<\/div>\n\t\t\t\t\t\t<\/div>\n\t\t\t\t<\/div>\n\t\t\t\t<\/div>\n\t\t\t\t<div class=\"elementor-element elementor-element-96dc767 elementor-hidden-tablet elementor-hidden-mobile elementor-widget elementor-widget-image\" data-id=\"96dc767\" data-element_type=\"widget\" data-e-type=\"widget\" data-widget_type=\"image.default\">\n\t\t\t\t<div class=\"elementor-widget-container\">\n\t\t\t\t\t\t\t\t\t\t\t\t\t\t\t<img fetchpriority=\"high\" decoding=\"async\" width=\"560\" height=\"401\" src=\"https:\/\/www.etixio.com\/wp-content\/uploads\/2025\/12\/etixio-contact-image.jpg\" class=\"attachment-large size-large wp-image-4524\" alt=\"Prise de contact avec une \u00e9quipe pour \u00e9changer sur un projet num\u00e9rique\" srcset=\"https:\/\/www.etixio.com\/wp-content\/uploads\/2025\/12\/etixio-contact-image.jpg 560w, https:\/\/www.etixio.com\/wp-content\/uploads\/2025\/12\/etixio-contact-image-300x215.jpg 300w\" sizes=\"(max-width: 560px) 100vw, 560px\" \/>\t\t\t\t\t\t\t\t\t\t\t\t\t\t\t<\/div>\n\t\t\t\t<\/div>\n\t\t\t\t<\/div>\n\t\t<div class=\"elementor-element elementor-element-6a7a899 e-con-full e-flex e-con e-child\" data-id=\"6a7a899\" data-element_type=\"container\" data-e-type=\"container\" data-settings=\"{&quot;background_background&quot;:&quot;classic&quot;}\">\n\t\t\t\t<div class=\"elementor-element elementor-element-475aff6 elementor-widget elementor-widget-shortcode\" data-id=\"475aff6\" data-element_type=\"widget\" data-e-type=\"widget\" data-widget_type=\"shortcode.default\">\n\t\t\t\t<div class=\"elementor-widget-container\">\n\t\t\t\t\t\t\t<div class=\"elementor-shortcode\"><div class=\"forminator-ui forminator-custom-form forminator-custom-form-1898 forminator-design--default  forminator_ajax\" data-forminator-render=\"0\" data-form=\"forminator-module-1898\" data-uid=\"69e177cae9545\"><br\/><\/div><form\n\t\t\t\tid=\"forminator-module-1898\"\n\t\t\t\tclass=\"forminator-ui forminator-custom-form forminator-custom-form-1898 forminator-design--default  forminator_ajax\"\n\t\t\t\tmethod=\"post\"\n\t\t\t\tdata-forminator-render=\"0\"\n\t\t\t\tdata-form-id=\"1898\"\n\t\t\t\tenctype=\"multipart\/form-data\" data-color-option=\"theme\" data-design=\"default\" data-grid=\"open\" style=\"display: none;\"\n\t\t\t\tdata-uid=\"69e177cae9545\"\n\t\t\t><div role=\"alert\" aria-live=\"polite\" class=\"forminator-response-message forminator-error\" aria-hidden=\"true\"><\/div><div class=\"forminator-row\"><div id=\"name-1\" class=\"forminator-field-name forminator-col forminator-col-12 \"><div class=\"forminator-row forminator-no-margin\" data-multiple=\"true\"><div class=\"forminator-col forminator-col-md-6\"><div class=\"forminator-field\"><label for=\"forminator-field-first-name-1_69e177cae9545\" id=\"forminator-field-first-name-1_69e177cae9545-label\" class=\"forminator-label\">First name <span class=\"forminator-required\">*<\/span><\/label><input type=\"text\" name=\"name-1-first-name\" placeholder=\"First name\" id=\"forminator-field-first-name-1_69e177cae9545\" class=\"forminator-input\" aria-required=\"true\" data-multi=\"1\" autocomplete=\"given-name\" value=\"\" \/><\/div><\/div><div class=\"forminator-col forminator-col-md-6\"><div class=\"forminator-field\"><label for=\"forminator-field-last-name-1_69e177cae9545\" id=\"forminator-field-last-name-1_69e177cae9545-label\" class=\"forminator-label\">Last name <span class=\"forminator-required\">*<\/span><\/label><input type=\"text\" name=\"name-1-last-name\" placeholder=\"Last name\" id=\"forminator-field-last-name-1_69e177cae9545\" class=\"forminator-input\" aria-required=\"true\" data-multi=\"1\" autocomplete=\"family-name\" value=\"\" \/><\/div><\/div><\/div><\/div><\/div><div class=\"forminator-row\"><div id=\"email-1\" class=\"forminator-field-email forminator-col forminator-col-6 \"><div class=\"forminator-field\"><label for=\"forminator-field-email-1_69e177cae9545\" id=\"forminator-field-email-1_69e177cae9545-label\" class=\"forminator-label\">Email <span class=\"forminator-required\">*<\/span><\/label><input type=\"email\" name=\"email-1\" value=\"\" placeholder=\"Votre email\" id=\"forminator-field-email-1_69e177cae9545\" class=\"forminator-input forminator-email--field\" data-required=\"1\" aria-required=\"true\" autocomplete=\"email\" \/><\/div><\/div><div id=\"phone-1\" class=\"forminator-field-phone forminator-col forminator-col-6 \"><div class=\"forminator-field\"><label for=\"forminator-field-phone-1_69e177cae9545\" id=\"forminator-field-phone-1_69e177cae9545-label\" class=\"forminator-label\">Phone number <span class=\"forminator-required\">*<\/span><\/label><input type=\"text\" name=\"phone-1\" value=\"\" placeholder=\"Phone number\" id=\"forminator-field-phone-1_69e177cae9545\" class=\"forminator-input forminator-field--phone\" data-required=\"1\" aria-required=\"true\" autocomplete=\"off\" \/><\/div><\/div><\/div><div class=\"forminator-row\"><div id=\"text-1\" class=\"forminator-field-text forminator-col forminator-col-6 \"><div class=\"forminator-field\"><label for=\"forminator-field-text-1_69e177cae9545\" id=\"forminator-field-text-1_69e177cae9545-label\" class=\"forminator-label\">Company<\/label><input type=\"text\" name=\"text-1\" value=\"\" placeholder=\"Company\" id=\"forminator-field-text-1_69e177cae9545\" class=\"forminator-input forminator-name--field\" data-required=\"\" \/><\/div><\/div><div id=\"select-1\" class=\"forminator-field-select forminator-col forminator-col-6 \"><div class=\"forminator-field\"><label for=\"forminator-form-1898__field--select-1_69e177cae9545\" id=\"forminator-form-1898__field--select-1_69e177cae9545-label\" class=\"forminator-label\">Tell us about your need ?<\/label><select  id=\"forminator-form-1898__field--select-1_69e177cae9545\" class=\"forminator-select--field forminator-select2 forminator-select2-multiple\" data-required=\"\" name=\"select-1\" data-default-value=\"\" data-hidden-behavior=\"zero\" data-placeholder=\"Tell us about your need ?\" data-search=\"false\" data-search-placeholder=\"Tell us about your need ?\" data-checkbox=\"false\" data-allow-clear=\"false\" aria-labelledby=\"forminator-form-1898__field--select-1_69e177cae9545-label\"><option value=\"\"  >Tell us about your need ?<\/option><option value=\"I-want-to-create-a-dedicated-team\"  data-calculation=\"0\">I want to create a dedicated team<\/option><option value=\"I-need-technical-support.\"  data-calculation=\"0\">I need technical support.<\/option><option value=\"I-have-a-custom-web-or-mobile-project-to-develop\"  data-calculation=\"0\">I have a custom web or mobile project to develop<\/option><option value=\"I-would-like-to-join-your-team.\"  data-calculation=\"0\">I would like to join your team.<\/option><option value=\"Other-request\"  data-calculation=\"0\">Other request<\/option><\/select><\/div><\/div><\/div><div class=\"forminator-row\"><div id=\"textarea-1\" class=\"forminator-field-textarea forminator-col forminator-col-12 \"><div class=\"forminator-field\"><label for=\"forminator-field-textarea-1_69e177cae9545\" id=\"forminator-field-textarea-1_69e177cae9545-label\" class=\"forminator-label\">Additional information <span class=\"forminator-required\">*<\/span><\/label><textarea name=\"textarea-1\" placeholder=\"If you would like to add details or specifications about your need or project\" id=\"forminator-field-textarea-1_69e177cae9545\" class=\"forminator-textarea\" rows=\"6\" style=\"min-height:140px;\" ><\/textarea><\/div><\/div><\/div><div class=\"forminator-row\"><div id=\"upload-1\" class=\"forminator-field-upload forminator-col forminator-col-12 \"><div class=\"forminator-field\"><label for=\"forminator-field-upload-1_69e177cae9545\" id=\"forminator-field-upload-1_69e177cae9545-label\" class=\"forminator-label\">Upload file<\/label><div class=\"forminator-file-upload \" data-element=\"upload-1_69e177cae9545\"><input type=\"file\" name=\"upload-1\" id=\"forminator-field-upload-1_69e177cae9545\" class=\"forminator-input-file\" accept=\".jpg,.jpeg,.jpe,.gif,.png,.bmp,.tiff,.tif,.webp,.avif,.ico,.heic,.heif,.heics,.heifs,.asf,.asx,.wmv,.wmx,.wm,.avi,.divx,.flv,.mov,.qt,.mpeg,.mpg,.mpe,.mp4,.m4v,.ogv,.webm,.mkv,.3gp,.3gpp,.3g2,.3gp2,.txt,.asc,.c,.cc,.h,.srt,.csv,.tsv,.ics,.rtx,.vtt,.mp3,.m4a,.m4b,.aac,.ra,.ram,.wav,.x-wav,.ogg,.oga,.flac,.mid,.midi,.wma,.wax,.mka,.rtf,.pdf,.class,.tar,.zip,.gz,.gzip,.7z,.psd,.xcf,.doc,.pot,.pps,.ppt,.wri,.xla,.xls,.xlt,.xlw,.mdb,.mpp,.docx,.docm,.dotx,.dotm,.xlsx,.xlsm,.xlsb,.xltx,.xltm,.xlam,.pptx,.pptm,.ppsx,.ppsm,.potx,.potm,.ppam,.sldx,.sldm,.onetoc,.onetoc2,.onetmp,.onepkg,.oxps,.xps,.odt,.odp,.ods,.odg,.odc,.odb,.odf,.wp,.wpd,.key,.numbers,.pages,.woff,.woff2,.ttf,.eot,.otf,.svgz\" tabindex=\"-1\"><button id=\"forminator-field-upload-1_69e177cae9545_button\" class=\"forminator-button forminator-button-upload\" data-id=\"forminator-field-upload-1_69e177cae9545\">Choose File<\/button><span data-empty-text=\"No file chosen\">No file chosen<\/span><button class=\"forminator-button-delete\" style=\"display: none;\"><i class=\"forminator-icon-close\" aria-hidden=\"true\"><\/i><span class=\"forminator-screen-reader-only\">Delete uploaded file<\/span><\/button><\/div><\/div><\/div><\/div><div class=\"forminator-row\"><div id=\"consent-1\" class=\"forminator-field-consent forminator-col forminator-col-12 \"><div class=\"forminator-field\"><div class=\"forminator-checkbox__wrapper\"><label id=\"forminator-field-consent-1_69e177cae9545__label\" class=\"forminator-checkbox forminator-consent\"><input type=\"checkbox\" name=\"consent-1\" id=\"forminator-field-consent-1_69e177cae9545\" value=\"checked\" aria-labelledby=\"forminator-field-consent-1_69e177cae9545-label\" aria-describedby=\"forminator-field-consent-1_69e177cae9545__description\" data-required=\"true\" aria-required=\"true\" \/><span class=\"forminator-checkbox-box\" aria-hidden=\"true\"><\/span><\/label><div id=\"forminator-field-consent-1_69e177cae9545__description\" class=\"forminator-checkbox__label forminator-consent__label\"><p>Yes, I accept the <a href=\"https:\/\/www.etixio.com\/mentions-legales\/\">privacy policy<\/a>.<\/p><\/div><\/div><\/div><\/div><\/div><div class=\"forminator-row forminator-hidden\"><div id=\"hidden-1\" class=\"forminator-field-hidden  forminator-col-12 \"><input type=\"hidden\" id=\"hidden-1_69e177cae9545\" name=\"hidden-1\" value=\"en\" \/><\/div><\/div><input type=\"hidden\" name=\"referer_url\" value=\"\" \/><div class=\"forminator-row forminator-row-last\"><div class=\"forminator-col\"><div class=\"forminator-field\"><button class=\"forminator-button forminator-button-submit form-btn-home-contact\">Submit<\/button><\/div><\/div><\/div><input type=\"hidden\" id=\"forminator_nonce\" name=\"forminator_nonce\" value=\"e6473170af\" \/><input type=\"hidden\" name=\"_wp_http_referer\" value=\"\/en\/wp-json\/wp\/v2\/pages\/4525\" \/><input type=\"hidden\" name=\"form_id\" value=\"1898\"><input type=\"hidden\" name=\"page_id\" value=\"4525\"><input type=\"hidden\" name=\"form_type\" value=\"default\"><input type=\"hidden\" name=\"current_url\" value=\"https:\/\/www.etixio.com\/en\/contact-us\/\"><input type=\"hidden\" name=\"render_id\" value=\"0\"><input type=\"hidden\" name=\"action\" value=\"forminator_submit_form_custom-forms\"><label for=\"input_10\" class=\"forminator-hidden\" aria-hidden=\"true\">Please do not fill in this field. <input id=\"input_10\" type=\"text\" name=\"input_10\" value=\"\" autocomplete=\"off\"><\/label><\/form><\/div>\n\t\t\t\t\t\t<\/div>\n\t\t\t\t<\/div>\n\t\t\t\t<\/div>\n\t\t\t\t\t<\/div>\n\t\t\t\t<\/div>\n\t\t\t\t<\/div>\n\t\t","protected":false},"excerpt":{"rendered":"<p>Contact us Ready for action? Contact us for a quick chat, a quote or simply to discuss your requirements. \u00a0 Email contact@etixio.com \u00a0 Phone +33 7 56 80 55 31<\/p>\n","protected":false},"author":3,"featured_media":0,"parent":0,"menu_order":9,"comment_status":"closed","ping_status":"closed","template":"","meta":{"_acf_changed":false,"inline_featured_image":false,"footnotes":""},"class_list":["post-4525","page","type-page","status-publish","hentry"],"acf":[],"_links":{"self":[{"href":"https:\/\/www.etixio.com\/en\/wp-json\/wp\/v2\/pages\/4525","targetHints":{"allow":["GET"]}}],"collection":[{"href":"https:\/\/www.etixio.com\/en\/wp-json\/wp\/v2\/pages"}],"about":[{"href":"https:\/\/www.etixio.com\/en\/wp-json\/wp\/v2\/types\/page"}],"author":[{"embeddable":true,"href":"https:\/\/www.etixio.com\/en\/wp-json\/wp\/v2\/users\/3"}],"replies":[{"embeddable":true,"href":"https:\/\/www.etixio.com\/en\/wp-json\/wp\/v2\/comments?post=4525"}],"version-history":[{"count":5,"href":"https:\/\/www.etixio.com\/en\/wp-json\/wp\/v2\/pages\/4525\/revisions"}],"predecessor-version":[{"id":4530,"href":"https:\/\/www.etixio.com\/en\/wp-json\/wp\/v2\/pages\/4525\/revisions\/4530"}],"wp:attachment":[{"href":"https:\/\/www.etixio.com\/en\/wp-json\/wp\/v2\/media?parent=4525"}],"curies":[{"name":"wp","href":"https:\/\/api.w.org\/{rel}","templated":true}]}}